{"id":875,"date":"2022-05-27T01:53:34","date_gmt":"2022-05-27T04:53:34","guid":{"rendered":"https:\/\/armsinter.com.br\/site\/?page_id=875"},"modified":"2022-06-01T01:22:13","modified_gmt":"2022-06-01T04:22:13","slug":"catalogo-de-buchas-rodoviarias","status":"publish","type":"page","link":"https:\/\/armsinter.com.br\/site\/catalogo-de-buchas-rodoviarias\/","title":{"rendered":"Cat\u00e1logo de Buchas Rodovi\u00e1rias"},"content":{"rendered":"\n<figure class=\"wp-block-table\"><table><tbody><tr><td class=\"has-text-align-center\" data-align=\"center\"><img src=\"https:\/\/armsinter.com.br\/site\/wp-content\/uploads\/2022\/06\/1.png\" alt=\"O atributo alt desta imagem est\u00e1 vazio. O nome do arquivo \u00e9 1.png\" style=\"width: 400px;\"><\/td><td class=\"has-text-align-center\" data-align=\"center\"><img src=\"https:\/\/armsinter.com.br\/site\/wp-content\/uploads\/2022\/06\/2.png\" alt=\"O atributo alt desta imagem est\u00e1 vazio. O nome do arquivo \u00e9 2.png\" style=\"width: 400px;\"><\/td><\/tr><tr><td class=\"has-text-align-center\" data-align=\"center\"><strong>Bucha flange MB912 (44,5 X 38,5 x 21 mm)<\/strong><\/td><td class=\"has-text-align-center\" data-align=\"center\"><strong>Bucha do rolete moderno = freio BX temperada (38 x 26 x 36,5 mm)<\/strong><\/td><\/tr><tr><td class=\"has-text-align-center\" data-align=\"center\"><img loading=\"lazy\" width=\"400\" height=\"300\" class=\"wp-image-920\" style=\"width: 400px;\" src=\"https:\/\/armsinter.com.br\/site\/wp-content\/uploads\/2022\/06\/3.png\" alt=\"\" srcset=\"https:\/\/armsinter.com.br\/site\/wp-content\/uploads\/2022\/06\/3.png 400w, https:\/\/armsinter.com.br\/site\/wp-content\/uploads\/2022\/06\/3-300x225.png 300w\" sizes=\"(max-width: 400px) 100vw, 400px\" \/><\/td><td class=\"has-text-align-center\" data-align=\"center\"><img loading=\"lazy\" width=\"400\" height=\"300\" class=\"wp-image-923\" style=\"width: 400px;\" src=\"https:\/\/armsinter.com.br\/site\/wp-content\/uploads\/2022\/06\/4.png\" alt=\"\" srcset=\"https:\/\/armsinter.com.br\/site\/wp-content\/uploads\/2022\/06\/4.png 400w, https:\/\/armsinter.com.br\/site\/wp-content\/uploads\/2022\/06\/4-300x225.png 300w\" sizes=\"(max-width: 400px) 100vw, 400px\" \/><\/td><\/tr><tr><td class=\"has-text-align-center\" data-align=\"center\"><strong>Bucha eixo s freio tru\/car RB (38,5 x 44,8 x 32 mm)<\/strong><\/td><td class=\"has-text-align-center\" data-align=\"center\"><\/td><\/tr><tr><td class=\"has-text-align-center\" data-align=\"center\"><img loading=\"lazy\" width=\"400\" height=\"300\" class=\"wp-image-925\" style=\"width: 400px;\" src=\"https:\/\/armsinter.com.br\/site\/wp-content\/uploads\/2022\/06\/5.png\" alt=\"\" srcset=\"https:\/\/armsinter.com.br\/site\/wp-content\/uploads\/2022\/06\/5.png 400w, https:\/\/armsinter.com.br\/site\/wp-content\/uploads\/2022\/06\/5-300x225.png 300w\" sizes=\"(max-width: 400px) 100vw, 400px\" \/><\/td><td class=\"has-text-align-center\" data-align=\"center\"><img loading=\"lazy\" width=\"400\" height=\"300\" class=\"wp-image-928\" style=\"width: 400px;\" src=\"https:\/\/armsinter.com.br\/site\/wp-content\/uploads\/2022\/06\/6.png\" alt=\"\" srcset=\"https:\/\/armsinter.com.br\/site\/wp-content\/uploads\/2022\/06\/6.png 400w, https:\/\/armsinter.com.br\/site\/wp-content\/uploads\/2022\/06\/6-300x225.png 300w\" sizes=\"(max-width: 400px) 100vw, 400px\" \/><\/td><\/tr><tr><td class=\"has-text-align-center\" data-align=\"center\"><strong>Bucha rodovi\u00e1ria antiga eixo &#8220;S&#8221; frio RD (48,1&#215;42,3 x34 mm)<\/strong><\/td><td class=\"has-text-align-center\" data-align=\"center\"><strong>Bucha Eixo &#8220;S&#8221; A\u00e7o \u00e9 Indicada para todas as Carretas que Possuem Sistema de Freio Tubeless (51 x 41,5 x 25 mm)<\/strong><\/td><\/tr><tr><td class=\"has-text-align-center\" data-align=\"center\"><img loading=\"lazy\" width=\"400\" height=\"300\" class=\"wp-image-930\" style=\"width: 400px;\" src=\"https:\/\/armsinter.com.br\/site\/wp-content\/uploads\/2022\/06\/7.png\" alt=\"\" srcset=\"https:\/\/armsinter.com.br\/site\/wp-content\/uploads\/2022\/06\/7.png 400w, https:\/\/armsinter.com.br\/site\/wp-content\/uploads\/2022\/06\/7-300x225.png 300w\" sizes=\"(max-width: 400px) 100vw, 400px\" \/><\/td><td class=\"has-text-align-center\" data-align=\"center\"><img loading=\"lazy\" width=\"400\" height=\"300\" class=\"wp-image-933\" style=\"width: 400px;\" src=\"https:\/\/armsinter.com.br\/site\/wp-content\/uploads\/2022\/06\/8.png\" alt=\"\" srcset=\"https:\/\/armsinter.com.br\/site\/wp-content\/uploads\/2022\/06\/8.png 400w, https:\/\/armsinter.com.br\/site\/wp-content\/uploads\/2022\/06\/8-300x225.png 300w\" sizes=\"(max-width: 400px) 100vw, 400px\" \/><\/td><\/tr><tr><td class=\"has-text-align-center\" data-align=\"center\"><strong>Fixa\u00e7\u00e3o: Eixo &#8216;S&#8217; Aplica\u00e7\u00e3o em V\u00e9iculo: Mod Facchini, Guerra, Randon<\/strong><\/td><td class=\"has-text-align-center\" data-align=\"center\"><strong>Bucha do p\u00e9 mec\u00e2nico material alternativo ao bronze(29,3x 25,2&#215;17 mm)<\/strong><\/td><\/tr><tr><td class=\"has-text-align-center\" data-align=\"center\"><img loading=\"lazy\" width=\"400\" height=\"300\" class=\"wp-image-935\" style=\"width: 400px;\" src=\"https:\/\/armsinter.com.br\/site\/wp-content\/uploads\/2022\/06\/9.png\" alt=\"\" srcset=\"https:\/\/armsinter.com.br\/site\/wp-content\/uploads\/2022\/06\/9.png 400w, https:\/\/armsinter.com.br\/site\/wp-content\/uploads\/2022\/06\/9-300x225.png 300w\" sizes=\"(max-width: 400px) 100vw, 400px\" \/><\/td><td class=\"has-text-align-center\" data-align=\"center\"><img loading=\"lazy\" width=\"400\" height=\"300\" class=\"wp-image-939\" style=\"width: 400px;\" src=\"https:\/\/armsinter.com.br\/site\/wp-content\/uploads\/2022\/06\/10.png\" alt=\"\" srcset=\"https:\/\/armsinter.com.br\/site\/wp-content\/uploads\/2022\/06\/10.png 400w, https:\/\/armsinter.com.br\/site\/wp-content\/uploads\/2022\/06\/10-300x225.png 300w\" sizes=\"(max-width: 400px) 100vw, 400px\" \/><\/td><\/tr><tr><td class=\"has-text-align-center\" data-align=\"center\"> <strong>Bucha do p\u00e9 mec\u00e2nico 2003, material alternativo ao bronze (32,10x26x17 mm)<\/strong> <\/td><td class=\"has-text-align-center\" data-align=\"center\"><strong>Bucha do p\u00e9 mec\u00e2nico, material alternativo ao bronze ( 30 x 25x 25 mm)<\/strong><\/td><\/tr><tr><td class=\"has-text-align-center\" data-align=\"center\"><img loading=\"lazy\" width=\"400\" height=\"300\" class=\"wp-image-942\" style=\"width: 400px;\" src=\"https:\/\/armsinter.com.br\/site\/wp-content\/uploads\/2022\/06\/11.png\" alt=\"\" srcset=\"https:\/\/armsinter.com.br\/site\/wp-content\/uploads\/2022\/06\/11.png 400w, https:\/\/armsinter.com.br\/site\/wp-content\/uploads\/2022\/06\/11-300x225.png 300w\" sizes=\"(max-width: 400px) 100vw, 400px\" \/><\/td><td class=\"has-text-align-center\" data-align=\"center\"><img loading=\"lazy\" width=\"400\" height=\"300\" class=\"wp-image-945\" style=\"width: 400px;\" src=\"https:\/\/armsinter.com.br\/site\/wp-content\/uploads\/2022\/06\/12.png\" alt=\"\" srcset=\"https:\/\/armsinter.com.br\/site\/wp-content\/uploads\/2022\/06\/12.png 400w, https:\/\/armsinter.com.br\/site\/wp-content\/uploads\/2022\/06\/12-300x225.png 300w\" sizes=\"(max-width: 400px) 100vw, 400px\" \/><\/td><\/tr><tr><td class=\"has-text-align-center\" data-align=\"center\"><strong>Bucha cabo catraca sv traseiro (22&#215;18,2&#215;17,5 mm)<\/strong><\/td><td class=\"has-text-align-center\" data-align=\"center\"><strong>Bucha menor guia eixo p\u00e9 mec\u00e2nico (29 x 25,10 x17 mm)<\/strong><\/td><\/tr><tr><td class=\"has-text-align-center\" data-align=\"center\"><img loading=\"lazy\" width=\"400\" height=\"300\" class=\"wp-image-948\" style=\"width: 400px;\" src=\"https:\/\/armsinter.com.br\/site\/wp-content\/uploads\/2022\/06\/13.png\" alt=\"\" srcset=\"https:\/\/armsinter.com.br\/site\/wp-content\/uploads\/2022\/06\/13.png 400w, https:\/\/armsinter.com.br\/site\/wp-content\/uploads\/2022\/06\/13-300x225.png 300w\" sizes=\"(max-width: 400px) 100vw, 400px\" \/><\/td><td class=\"has-text-align-center\" data-align=\"center\"><img loading=\"lazy\" width=\"400\" height=\"300\" class=\"wp-image-950\" style=\"width: 400px;\" src=\"https:\/\/armsinter.com.br\/site\/wp-content\/uploads\/2022\/06\/14.png\" alt=\"\" srcset=\"https:\/\/armsinter.com.br\/site\/wp-content\/uploads\/2022\/06\/14.png 400w, https:\/\/armsinter.com.br\/site\/wp-content\/uploads\/2022\/06\/14-300x225.png 300w\" sizes=\"(max-width: 400px) 100vw, 400px\" \/><\/td><\/tr><tr><td class=\"has-text-align-center\" data-align=\"center\"><strong>Bucha do eixo s spyder sem canal (51 x41,5 x25 mm)<\/strong><\/td><td class=\"has-text-align-center\" data-align=\"center\"><strong>Bucha pino falange freio RD 38,10&#215;30,5 X 43,50 mm<\/strong><\/td><\/tr><tr><td class=\"has-text-align-center\" data-align=\"center\"><img loading=\"lazy\" width=\"400\" height=\"300\" class=\"wp-image-953\" style=\"width: 400px;\" src=\"https:\/\/armsinter.com.br\/site\/wp-content\/uploads\/2022\/06\/15.png\" alt=\"\" srcset=\"https:\/\/armsinter.com.br\/site\/wp-content\/uploads\/2022\/06\/15.png 400w, https:\/\/armsinter.com.br\/site\/wp-content\/uploads\/2022\/06\/15-300x225.png 300w\" sizes=\"(max-width: 400px) 100vw, 400px\" \/><\/td><td class=\"has-text-align-center\" data-align=\"center\"><img loading=\"lazy\" width=\"400\" height=\"300\" class=\"wp-image-955\" style=\"width: 400px;\" src=\"https:\/\/armsinter.com.br\/site\/wp-content\/uploads\/2022\/06\/16.png\" alt=\"\" srcset=\"https:\/\/armsinter.com.br\/site\/wp-content\/uploads\/2022\/06\/16.png 400w, https:\/\/armsinter.com.br\/site\/wp-content\/uploads\/2022\/06\/16-300x225.png 300w\" sizes=\"(max-width: 400px) 100vw, 400px\" \/><\/td><\/tr><tr><td class=\"has-text-align-center\" data-align=\"center\"> <strong>Bucha do p\u00e9 mec\u00e2nico ( 30 x 29 x 25 mm)<\/strong> <\/td><td class=\"has-text-align-center\" data-align=\"center\"><strong>Kit catraca<\/strong><\/td><\/tr><\/tbody><\/table><\/figure>\n","protected":false},"excerpt":{"rendered":"<p>Bucha flange MB912 (44,5 X 38,5 x 21 mm) Bucha do rolete moderno = freio BX temperada (38 x 26 x 36,5 mm) Bucha eixo s freio tru\/car RB (38,5 x 44,8 x 32 mm) Bucha rodovi\u00e1ria antiga eixo &#8220;S&#8221; frio RD (48,1&#215;42,3 x34 mm) Bucha Eixo &#8220;S&#8221; A\u00e7o \u00e9 Indicada para todas as Carretas &hellip; <\/p>\n","protected":false},"author":2,"featured_media":0,"parent":0,"menu_order":0,"comment_status":"closed","ping_status":"closed","template":"","meta":[],"_links":{"self":[{"href":"https:\/\/armsinter.com.br\/site\/wp-json\/wp\/v2\/pages\/875"}],"collection":[{"href":"https:\/\/armsinter.com.br\/site\/wp-json\/wp\/v2\/pages"}],"about":[{"href":"https:\/\/armsinter.com.br\/site\/wp-json\/wp\/v2\/types\/page"}],"author":[{"embeddable":true,"href":"https:\/\/armsinter.com.br\/site\/wp-json\/wp\/v2\/users\/2"}],"replies":[{"embeddable":true,"href":"https:\/\/armsinter.com.br\/site\/wp-json\/wp\/v2\/comments?post=875"}],"version-history":[{"count":18,"href":"https:\/\/armsinter.com.br\/site\/wp-json\/wp\/v2\/pages\/875\/revisions"}],"predecessor-version":[{"id":956,"href":"https:\/\/armsinter.com.br\/site\/wp-json\/wp\/v2\/pages\/875\/revisions\/956"}],"wp:attachment":[{"href":"https:\/\/armsinter.com.br\/site\/wp-json\/wp\/v2\/media?parent=875"}],"curies":[{"name":"wp","href":"https:\/\/api.w.org\/{rel}","templated":true}]}}