{"id":904,"date":"2022-05-31T23:30:57","date_gmt":"2022-06-01T02:30:57","guid":{"rendered":"https:\/\/armsinter.com.br\/site\/?page_id=904"},"modified":"2022-06-01T01:28:02","modified_gmt":"2022-06-01T04:28:02","slug":"produtus","status":"publish","type":"page","link":"https:\/\/armsinter.com.br\/site\/produtus\/","title":{"rendered":"Produtos"},"content":{"rendered":"\n<div class=\"wp-block-columns\">\n<div class=\"wp-block-column\" style=\"flex-basis:100%\">\n<div class=\"wp-block-group\"><div class=\"wp-block-group__inner-container\">\n<figure class=\"wp-block-table\"><table><tbody><tr><td class=\"has-text-align-center\" data-align=\"center\"><img src=\"https:\/\/armsinter.com.br\/site\/wp-content\/uploads\/2022\/05\/tubless-360x276.png\"><\/td><td class=\"has-text-align-center\" data-align=\"center\"><img src=\"https:\/\/armsinter.com.br\/site\/wp-content\/uploads\/2017\/02\/5-360x360.png\"><\/td><\/tr><tr><td class=\"has-text-align-center\" data-align=\"center\"><strong>Cat\u00e1logo de Buchas Rodovi\u00e1rias<\/strong><br><a href=\"https:\/\/armsinter.com.br\/site\/catalogo-de-buchas-rodoviarias\/\">+ Veja mais<\/a><\/td><td class=\"has-text-align-center\" data-align=\"center\"><strong>Pe\u00e7as SMC (materiais magn\u00e9ticos macios) estatores, rotores e n\u00facleos<\/strong><\/td><\/tr><tr><td class=\"has-text-align-center\" data-align=\"center\"><img src=\"https:\/\/armsinter.com.br\/site\/wp-content\/uploads\/2017\/02\/2-360x360.png\"><\/td><td class=\"has-text-align-center\" data-align=\"center\"><img src=\"https:\/\/armsinter.com.br\/site\/wp-content\/uploads\/2017\/02\/3-360x360.png\"><\/td><\/tr><tr><td class=\"has-text-align-center\" data-align=\"center\"><strong>Pe\u00e7as para autom\u00f3veis, motocicletas: engrenagens, guias e pist\u00f5es de amortecedores, n\u00facleos magn\u00e9ticos, flanges, etc.<\/strong><\/td><td class=\"has-text-align-center\" data-align=\"center\"><strong>Pe\u00e7as para aplica\u00e7\u00f5es diversas: filtros de a\u00e7o inoxid\u00e1vel, buchas, pe\u00e7as estruturais de a\u00e7o baixa liga, etc.<\/strong><\/td><\/tr><tr><td class=\"has-text-align-center\" data-align=\"center\"><img src=\"https:\/\/armsinter.com.br\/site\/wp-content\/uploads\/2017\/02\/4-360x360.png\"><\/td><td class=\"has-text-align-center\" data-align=\"center\"><img src=\"https:\/\/armsinter.com.br\/site\/wp-content\/uploads\/2017\/02\/11-300x276.png\"><\/td><\/tr><tr><td class=\"has-text-align-center\" data-align=\"center\"><strong>Pe\u00e7as para motosserras e equipamentos de jardinagem<\/strong><\/td><td class=\"has-text-align-center\" data-align=\"center\"><strong>Pe\u00e7as sinterizadas para m\u00e1quinas agr\u00edcolas<\/strong><\/td><\/tr><\/tbody><\/table><\/figure>\n<\/div><\/div>\n<\/div>\n<\/div>\n","protected":false},"excerpt":{"rendered":"<p>Cat\u00e1logo de Buchas Rodovi\u00e1rias+ Veja mais Pe\u00e7as SMC (materiais magn\u00e9ticos macios) estatores, rotores e n\u00facleos Pe\u00e7as para autom\u00f3veis, motocicletas: engrenagens, guias e pist\u00f5es de amortecedores, n\u00facleos magn\u00e9ticos, flanges, etc. Pe\u00e7as para aplica\u00e7\u00f5es diversas: filtros de a\u00e7o inoxid\u00e1vel, buchas, pe\u00e7as estruturais de a\u00e7o baixa liga, etc. Pe\u00e7as para motosserras e equipamentos de jardinagem Pe\u00e7as sinterizadas para &hellip; <\/p>\n","protected":false},"author":2,"featured_media":0,"parent":0,"menu_order":0,"comment_status":"closed","ping_status":"closed","template":"","meta":[],"_links":{"self":[{"href":"https:\/\/armsinter.com.br\/site\/wp-json\/wp\/v2\/pages\/904"}],"collection":[{"href":"https:\/\/armsinter.com.br\/site\/wp-json\/wp\/v2\/pages"}],"about":[{"href":"https:\/\/armsinter.com.br\/site\/wp-json\/wp\/v2\/types\/page"}],"author":[{"embeddable":true,"href":"https:\/\/armsinter.com.br\/site\/wp-json\/wp\/v2\/users\/2"}],"replies":[{"embeddable":true,"href":"https:\/\/armsinter.com.br\/site\/wp-json\/wp\/v2\/comments?post=904"}],"version-history":[{"count":5,"href":"https:\/\/armsinter.com.br\/site\/wp-json\/wp\/v2\/pages\/904\/revisions"}],"predecessor-version":[{"id":958,"href":"https:\/\/armsinter.com.br\/site\/wp-json\/wp\/v2\/pages\/904\/revisions\/958"}],"wp:attachment":[{"href":"https:\/\/armsinter.com.br\/site\/wp-json\/wp\/v2\/media?parent=904"}],"curies":[{"name":"wp","href":"https:\/\/api.w.org\/{rel}","templated":true}]}}