{"id":961,"date":"2022-06-01T16:12:53","date_gmt":"2022-06-01T19:12:53","guid":{"rendered":"https:\/\/armsinter.com.br\/site\/?page_id=961"},"modified":"2022-06-01T16:14:34","modified_gmt":"2022-06-01T19:14:34","slug":"materiais-utilizados-3","status":"publish","type":"page","link":"https:\/\/armsinter.com.br\/site\/materiais-utilizados-3\/","title":{"rendered":"Materiais Utilizados"},"content":{"rendered":"\n<figure class=\"wp-block-image\"><img src=\"https:\/\/armsinter.com.br\/site\/wp-content\/uploads\/2022\/01\/WhatsApp-Image-2020-08-24-at-21.20.48.jpeg\" alt=\"\"\/><\/figure>\n\n\n\n<p>Os principais materiais utilizados para fabrica\u00e7\u00e3o de pe\u00e7as s\u00e3o:<\/p>\n\n\n\n<p>\u2013 A\u00e7os baixa liga (Cu, Ni, Mo, Co, C e outros)<\/p>\n\n\n\n<p>\u2013 N\u00facleos magn\u00e9ticos (Fe, Fe-Si, Fe-P, Fe-Ni)<\/p>\n\n\n\n<p>\u2013 A\u00e7os inoxid\u00e1veis (martens\u00edticos, austen\u00edticos e ferr\u00edticos)<\/p>\n\n\n\n<p>\u2013 A\u00e7os cementados e carbonitretados para elevada resist\u00eancia ao desgaste<\/p>\n\n\n\n<p>\u2013 A\u00e7os infiltrados com cobre para alta resist\u00eancia \u00e0 fadiga e ao impacto.<\/p>\n\n\n\n<p>\u2013 Pe\u00e7as com recobrimento anti-corrosivo: Organo met\u00e1lico, bicromatiza\u00e7\u00e3o e ferroxida\u00e7\u00e3o.<\/p>\n\n\n\n<p>\u2013 Cobre e suas ligas.<\/p>\n","protected":false},"excerpt":{"rendered":"<p>Os principais materiais utilizados para fabrica\u00e7\u00e3o de pe\u00e7as s\u00e3o: \u2013 A\u00e7os baixa liga (Cu, Ni, Mo, Co, C e outros) \u2013 N\u00facleos magn\u00e9ticos (Fe, Fe-Si, Fe-P, Fe-Ni) \u2013 A\u00e7os inoxid\u00e1veis (martens\u00edticos, austen\u00edticos e ferr\u00edticos) \u2013 A\u00e7os cementados e carbonitretados para elevada resist\u00eancia ao desgaste \u2013 A\u00e7os infiltrados com cobre para alta resist\u00eancia \u00e0 fadiga e &hellip; <\/p>\n","protected":false},"author":2,"featured_media":0,"parent":0,"menu_order":0,"comment_status":"closed","ping_status":"closed","template":"","meta":[],"_links":{"self":[{"href":"https:\/\/armsinter.com.br\/site\/wp-json\/wp\/v2\/pages\/961"}],"collection":[{"href":"https:\/\/armsinter.com.br\/site\/wp-json\/wp\/v2\/pages"}],"about":[{"href":"https:\/\/armsinter.com.br\/site\/wp-json\/wp\/v2\/types\/page"}],"author":[{"embeddable":true,"href":"https:\/\/armsinter.com.br\/site\/wp-json\/wp\/v2\/users\/2"}],"replies":[{"embeddable":true,"href":"https:\/\/armsinter.com.br\/site\/wp-json\/wp\/v2\/comments?post=961"}],"version-history":[{"count":3,"href":"https:\/\/armsinter.com.br\/site\/wp-json\/wp\/v2\/pages\/961\/revisions"}],"predecessor-version":[{"id":965,"href":"https:\/\/armsinter.com.br\/site\/wp-json\/wp\/v2\/pages\/961\/revisions\/965"}],"wp:attachment":[{"href":"https:\/\/armsinter.com.br\/site\/wp-json\/wp\/v2\/media?parent=961"}],"curies":[{"name":"wp","href":"https:\/\/api.w.org\/{rel}","templated":true}]}}